{"id":70,"date":"2022-02-23T19:34:24","date_gmt":"2022-02-23T18:34:24","guid":{"rendered":"http:\/\/32boulogne.fr\/?page_id=70"},"modified":"2026-02-03T10:44:49","modified_gmt":"2026-02-03T09:44:49","slug":"lanimation","status":"publish","type":"page","link":"https:\/\/32boulogne.fr\/?page_id=70","title":{"rendered":"Animation"},"content":{"rendered":"\t\t<div data-elementor-type=\"wp-page\" data-elementor-id=\"70\" class=\"elementor elementor-70\">\n\t\t\t\t\t\t<section class=\"elementor-section elementor-top-section elementor-element elementor-element-160b2b22 elementor-section-boxed elementor-section-height-default elementor-section-height-default\" data-id=\"160b2b22\" data-element_type=\"section\" data-e-type=\"section\">\n\t\t\t\t\t\t<div class=\"elementor-container elementor-column-gap-default\">\n\t\t\t\t\t<div class=\"elementor-column elementor-col-100 elementor-top-column elementor-element elementor-element-6a9f3d6\" data-id=\"6a9f3d6\" data-element_type=\"column\" data-e-type=\"column\">\n\t\t\t<div class=\"elementor-widget-wrap elementor-element-populated\">\n\t\t\t\t\t\t<div class=\"elementor-element elementor-element-5f8729a9 elementor-widget elementor-widget-text-editor\" data-id=\"5f8729a9\" data-element_type=\"widget\" data-e-type=\"widget\" data-widget_type=\"text-editor.default\">\n\t\t\t\t<div class=\"elementor-widget-container\">\n\t\t\t\t\t\t\t\t\t<p><\/p>\n<p>Vos Hospitalities Officer sont l\u00e0 pour vous proposer des activit\u00e9s qui feront du 32 Boulogne une adresse o\u00f9 il fait bon vivre.<\/p>\n<p><\/p>\n<p><\/p>\n<figure class=\"wp-block-gallery has-nested-images columns-default is-cropped wp-block-gallery-3 is-layout-flex wp-block-gallery-is-layout-flex\"><\/figure>\n<p><\/p>\n<p><\/p>\n<figure class=\"wp-block-gallery has-nested-images columns-default is-cropped wp-block-gallery-4 is-layout-flex wp-block-gallery-is-layout-flex\"><\/figure>\n<p><\/p>\t\t\t\t\t\t\t\t<\/div>\n\t\t\t\t<\/div>\n\t\t\t\t\t<\/div>\n\t\t<\/div>\n\t\t\t\t\t<\/div>\n\t\t<\/section>\n\t\t\t\t<section class=\"elementor-section elementor-top-section elementor-element elementor-element-17eaf08 elementor-section-boxed elementor-section-height-default elementor-section-height-default\" data-id=\"17eaf08\" data-element_type=\"section\" data-e-type=\"section\">\n\t\t\t\t\t\t<div class=\"elementor-container elementor-column-gap-default\">\n\t\t\t\t\t<div class=\"elementor-column elementor-col-100 elementor-top-column elementor-element elementor-element-d867bea\" data-id=\"d867bea\" data-element_type=\"column\" data-e-type=\"column\">\n\t\t\t<div class=\"elementor-widget-wrap elementor-element-populated\">\n\t\t\t\t\t\t<div class=\"elementor-element elementor-element-d6309a9 elementor-widget elementor-widget-image\" data-id=\"d6309a9\" data-element_type=\"widget\" data-e-type=\"widget\" data-widget_type=\"image.default\">\n\t\t\t\t<div class=\"elementor-widget-container\">\n\t\t\t\t\t\t\t\t\t\t\t\t\t\t\t<img fetchpriority=\"high\" decoding=\"async\" width=\"640\" height=\"905\" src=\"https:\/\/32boulogne.fr\/wp-content\/uploads\/2026\/02\/Atelier-creatif.pptx-1-724x1024.jpg\" class=\"attachment-large size-large wp-image-779\" alt=\"\" srcset=\"https:\/\/32boulogne.fr\/wp-content\/uploads\/2026\/02\/Atelier-creatif.pptx-1-724x1024.jpg 724w, https:\/\/32boulogne.fr\/wp-content\/uploads\/2026\/02\/Atelier-creatif.pptx-1-212x300.jpg 212w, https:\/\/32boulogne.fr\/wp-content\/uploads\/2026\/02\/Atelier-creatif.pptx-1-768x1086.jpg 768w, https:\/\/32boulogne.fr\/wp-content\/uploads\/2026\/02\/Atelier-creatif.pptx-1.jpg 793w\" sizes=\"(max-width: 640px) 100vw, 640px\" \/>\t\t\t\t\t\t\t\t\t\t\t\t\t\t\t<\/div>\n\t\t\t\t<\/div>\n\t\t\t\t\t<\/div>\n\t\t<\/div>\n\t\t\t\t\t<\/div>\n\t\t<\/section>\n\t\t\t\t<\/div>\n\t\t","protected":false},"excerpt":{"rendered":"<p>Vos Hospitalities Officer sont l\u00e0 pour vous proposer des activit\u00e9s qui feront du 32 Boulogne une adresse o\u00f9 il fait bon vivre.<\/p>\n","protected":false},"author":1,"featured_media":0,"parent":0,"menu_order":0,"comment_status":"closed","ping_status":"closed","template":"","meta":{"footnotes":""},"class_list":["post-70","page","type-page","status-publish","hentry","entry"],"yoast_head":"<!-- This site is optimized with the Yoast SEO plugin v27.4 - https:\/\/yoast.com\/product\/yoast-seo-wordpress\/ -->\n<title>Animation - 32 Boulogne<\/title>\n<meta name=\"robots\" content=\"index, follow, max-snippet:-1, max-image-preview:large, max-video-preview:-1\" \/>\n<link rel=\"canonical\" href=\"https:\/\/32boulogne.fr\/?page_id=70\" class=\"yoast-seo-meta-tag\" \/>\n<meta property=\"og:locale\" content=\"fr_FR\" class=\"yoast-seo-meta-tag\" \/>\n<meta property=\"og:type\" content=\"article\" class=\"yoast-seo-meta-tag\" \/>\n<meta property=\"og:title\" content=\"Animation - 32 Boulogne\" class=\"yoast-seo-meta-tag\" \/>\n<meta property=\"og:description\" content=\"Vos Hospitalities Officer sont l\u00e0 pour vous proposer des activit\u00e9s qui feront du 32 Boulogne une adresse o\u00f9 il fait bon vivre.\" class=\"yoast-seo-meta-tag\" \/>\n<meta property=\"og:url\" content=\"https:\/\/32boulogne.fr\/?page_id=70\" class=\"yoast-seo-meta-tag\" \/>\n<meta property=\"og:site_name\" content=\"32 Boulogne\" class=\"yoast-seo-meta-tag\" \/>\n<meta property=\"article:modified_time\" content=\"2026-02-03T09:44:49+00:00\" class=\"yoast-seo-meta-tag\" \/>\n<meta property=\"og:image\" content=\"http:\/\/32boulogne.fr\/wp-content\/uploads\/2026\/02\/Atelier-creatif.pptx-1-724x1024.jpg\" class=\"yoast-seo-meta-tag\" \/>\n<meta name=\"twitter:card\" content=\"summary_large_image\" class=\"yoast-seo-meta-tag\" \/>\n<meta name=\"twitter:label1\" content=\"Dur\u00e9e de lecture estim\u00e9e\" class=\"yoast-seo-meta-tag\" \/>\n\t<meta name=\"twitter:data1\" content=\"1 minute\" class=\"yoast-seo-meta-tag\" \/>\n<script type=\"application\/ld+json\" class=\"yoast-schema-graph\">{\"@context\":\"https:\\\/\\\/schema.org\",\"@graph\":[{\"@type\":\"WebPage\",\"@id\":\"https:\\\/\\\/32boulogne.fr\\\/?page_id=70\",\"url\":\"https:\\\/\\\/32boulogne.fr\\\/?page_id=70\",\"name\":\"Animation - 32 Boulogne\",\"isPartOf\":{\"@id\":\"http:\\\/\\\/32boulogne.fr\\\/#website\"},\"primaryImageOfPage\":{\"@id\":\"https:\\\/\\\/32boulogne.fr\\\/?page_id=70#primaryimage\"},\"image\":{\"@id\":\"https:\\\/\\\/32boulogne.fr\\\/?page_id=70#primaryimage\"},\"thumbnailUrl\":\"http:\\\/\\\/32boulogne.fr\\\/wp-content\\\/uploads\\\/2026\\\/02\\\/Atelier-creatif.pptx-1-724x1024.jpg\",\"datePublished\":\"2022-02-23T18:34:24+00:00\",\"dateModified\":\"2026-02-03T09:44:49+00:00\",\"breadcrumb\":{\"@id\":\"https:\\\/\\\/32boulogne.fr\\\/?page_id=70#breadcrumb\"},\"inLanguage\":\"fr-FR\",\"potentialAction\":[{\"@type\":\"ReadAction\",\"target\":[\"https:\\\/\\\/32boulogne.fr\\\/?page_id=70\"]}]},{\"@type\":\"ImageObject\",\"inLanguage\":\"fr-FR\",\"@id\":\"https:\\\/\\\/32boulogne.fr\\\/?page_id=70#primaryimage\",\"url\":\"https:\\\/\\\/32boulogne.fr\\\/wp-content\\\/uploads\\\/2026\\\/02\\\/Atelier-creatif.pptx-1.jpg\",\"contentUrl\":\"https:\\\/\\\/32boulogne.fr\\\/wp-content\\\/uploads\\\/2026\\\/02\\\/Atelier-creatif.pptx-1.jpg\",\"width\":793,\"height\":1121},{\"@type\":\"BreadcrumbList\",\"@id\":\"https:\\\/\\\/32boulogne.fr\\\/?page_id=70#breadcrumb\",\"itemListElement\":[{\"@type\":\"ListItem\",\"position\":1,\"name\":\"Accueil\",\"item\":\"http:\\\/\\\/32boulogne.fr\\\/\"},{\"@type\":\"ListItem\",\"position\":2,\"name\":\"Animation\"}]},{\"@type\":\"WebSite\",\"@id\":\"http:\\\/\\\/32boulogne.fr\\\/#website\",\"url\":\"http:\\\/\\\/32boulogne.fr\\\/\",\"name\":\"32 Boulogne\",\"description\":\"Vos services Immeuble\",\"publisher\":{\"@id\":\"http:\\\/\\\/32boulogne.fr\\\/#organization\"},\"potentialAction\":[{\"@type\":\"SearchAction\",\"target\":{\"@type\":\"EntryPoint\",\"urlTemplate\":\"http:\\\/\\\/32boulogne.fr\\\/?s={search_term_string}\"},\"query-input\":{\"@type\":\"PropertyValueSpecification\",\"valueRequired\":true,\"valueName\":\"search_term_string\"}}],\"inLanguage\":\"fr-FR\"},{\"@type\":\"Organization\",\"@id\":\"http:\\\/\\\/32boulogne.fr\\\/#organization\",\"name\":\"32 Boulogne\",\"url\":\"http:\\\/\\\/32boulogne.fr\\\/\",\"logo\":{\"@type\":\"ImageObject\",\"inLanguage\":\"fr-FR\",\"@id\":\"http:\\\/\\\/32boulogne.fr\\\/#\\\/schema\\\/logo\\\/image\\\/\",\"url\":\"https:\\\/\\\/32boulogne.fr\\\/wp-content\\\/uploads\\\/2022\\\/02\\\/cropped-Logo-Grenier.jpg\",\"contentUrl\":\"https:\\\/\\\/32boulogne.fr\\\/wp-content\\\/uploads\\\/2022\\\/02\\\/cropped-Logo-Grenier.jpg\",\"width\":190,\"height\":190,\"caption\":\"32 Boulogne\"},\"image\":{\"@id\":\"http:\\\/\\\/32boulogne.fr\\\/#\\\/schema\\\/logo\\\/image\\\/\"}}]}<\/script>\n<!-- \/ Yoast SEO plugin. -->","yoast_head_json":{"title":"Animation - 32 Boulogne","robots":{"index":"index","follow":"follow","max-snippet":"max-snippet:-1","max-image-preview":"max-image-preview:large","max-video-preview":"max-video-preview:-1"},"canonical":"https:\/\/32boulogne.fr\/?page_id=70","og_locale":"fr_FR","og_type":"article","og_title":"Animation - 32 Boulogne","og_description":"Vos Hospitalities Officer sont l\u00e0 pour vous proposer des activit\u00e9s qui feront du 32 Boulogne une adresse o\u00f9 il fait bon vivre.","og_url":"https:\/\/32boulogne.fr\/?page_id=70","og_site_name":"32 Boulogne","article_modified_time":"2026-02-03T09:44:49+00:00","og_image":[{"url":"http:\/\/32boulogne.fr\/wp-content\/uploads\/2026\/02\/Atelier-creatif.pptx-1-724x1024.jpg","type":"","width":"","height":""}],"twitter_card":"summary_large_image","twitter_misc":{"Dur\u00e9e de lecture estim\u00e9e":"1 minute"},"schema":{"@context":"https:\/\/schema.org","@graph":[{"@type":"WebPage","@id":"https:\/\/32boulogne.fr\/?page_id=70","url":"https:\/\/32boulogne.fr\/?page_id=70","name":"Animation - 32 Boulogne","isPartOf":{"@id":"http:\/\/32boulogne.fr\/#website"},"primaryImageOfPage":{"@id":"https:\/\/32boulogne.fr\/?page_id=70#primaryimage"},"image":{"@id":"https:\/\/32boulogne.fr\/?page_id=70#primaryimage"},"thumbnailUrl":"http:\/\/32boulogne.fr\/wp-content\/uploads\/2026\/02\/Atelier-creatif.pptx-1-724x1024.jpg","datePublished":"2022-02-23T18:34:24+00:00","dateModified":"2026-02-03T09:44:49+00:00","breadcrumb":{"@id":"https:\/\/32boulogne.fr\/?page_id=70#breadcrumb"},"inLanguage":"fr-FR","potentialAction":[{"@type":"ReadAction","target":["https:\/\/32boulogne.fr\/?page_id=70"]}]},{"@type":"ImageObject","inLanguage":"fr-FR","@id":"https:\/\/32boulogne.fr\/?page_id=70#primaryimage","url":"https:\/\/32boulogne.fr\/wp-content\/uploads\/2026\/02\/Atelier-creatif.pptx-1.jpg","contentUrl":"https:\/\/32boulogne.fr\/wp-content\/uploads\/2026\/02\/Atelier-creatif.pptx-1.jpg","width":793,"height":1121},{"@type":"BreadcrumbList","@id":"https:\/\/32boulogne.fr\/?page_id=70#breadcrumb","itemListElement":[{"@type":"ListItem","position":1,"name":"Accueil","item":"http:\/\/32boulogne.fr\/"},{"@type":"ListItem","position":2,"name":"Animation"}]},{"@type":"WebSite","@id":"http:\/\/32boulogne.fr\/#website","url":"http:\/\/32boulogne.fr\/","name":"32 Boulogne","description":"Vos services Immeuble","publisher":{"@id":"http:\/\/32boulogne.fr\/#organization"},"potentialAction":[{"@type":"SearchAction","target":{"@type":"EntryPoint","urlTemplate":"http:\/\/32boulogne.fr\/?s={search_term_string}"},"query-input":{"@type":"PropertyValueSpecification","valueRequired":true,"valueName":"search_term_string"}}],"inLanguage":"fr-FR"},{"@type":"Organization","@id":"http:\/\/32boulogne.fr\/#organization","name":"32 Boulogne","url":"http:\/\/32boulogne.fr\/","logo":{"@type":"ImageObject","inLanguage":"fr-FR","@id":"http:\/\/32boulogne.fr\/#\/schema\/logo\/image\/","url":"https:\/\/32boulogne.fr\/wp-content\/uploads\/2022\/02\/cropped-Logo-Grenier.jpg","contentUrl":"https:\/\/32boulogne.fr\/wp-content\/uploads\/2022\/02\/cropped-Logo-Grenier.jpg","width":190,"height":190,"caption":"32 Boulogne"},"image":{"@id":"http:\/\/32boulogne.fr\/#\/schema\/logo\/image\/"}}]}},"_links":{"self":[{"href":"https:\/\/32boulogne.fr\/index.php?rest_route=\/wp\/v2\/pages\/70","targetHints":{"allow":["GET"]}}],"collection":[{"href":"https:\/\/32boulogne.fr\/index.php?rest_route=\/wp\/v2\/pages"}],"about":[{"href":"https:\/\/32boulogne.fr\/index.php?rest_route=\/wp\/v2\/types\/page"}],"author":[{"embeddable":true,"href":"https:\/\/32boulogne.fr\/index.php?rest_route=\/wp\/v2\/users\/1"}],"replies":[{"embeddable":true,"href":"https:\/\/32boulogne.fr\/index.php?rest_route=%2Fwp%2Fv2%2Fcomments&post=70"}],"version-history":[{"count":110,"href":"https:\/\/32boulogne.fr\/index.php?rest_route=\/wp\/v2\/pages\/70\/revisions"}],"predecessor-version":[{"id":783,"href":"https:\/\/32boulogne.fr\/index.php?rest_route=\/wp\/v2\/pages\/70\/revisions\/783"}],"wp:attachment":[{"href":"https:\/\/32boulogne.fr\/index.php?rest_route=%2Fwp%2Fv2%2Fmedia&parent=70"}],"curies":[{"name":"wp","href":"https:\/\/api.w.org\/{rel}","templated":true}]}}