{"id":69,"date":"2022-02-23T19:34:24","date_gmt":"2022-02-23T18:34:24","guid":{"rendered":"http:\/\/32boulogne.fr\/?page_id=69"},"modified":"2025-07-07T11:01:00","modified_gmt":"2025-07-07T09:01:00","slug":"le-meeting-center","status":"publish","type":"page","link":"https:\/\/32boulogne.fr\/?page_id=69","title":{"rendered":"Meeting Center"},"content":{"rendered":"\n<figure class=\"wp-block-gallery alignwide has-nested-images columns-default is-cropped wp-block-gallery-1 is-layout-flex wp-block-gallery-is-layout-flex\">\n<figure class=\"wp-block-image size-large is-style-default\"><img fetchpriority=\"high\" decoding=\"async\" width=\"2042\" height=\"1361\" data-id=\"106\" src=\"http:\/\/32boulogne.fr\/wp-content\/uploads\/2022\/02\/Covivio-32-Boulogne-060.jpg\" alt=\"\" class=\"wp-image-106\" srcset=\"https:\/\/32boulogne.fr\/wp-content\/uploads\/2022\/02\/Covivio-32-Boulogne-060.jpg 2042w, https:\/\/32boulogne.fr\/wp-content\/uploads\/2022\/02\/Covivio-32-Boulogne-060-300x200.jpg 300w, https:\/\/32boulogne.fr\/wp-content\/uploads\/2022\/02\/Covivio-32-Boulogne-060-1024x682.jpg 1024w, https:\/\/32boulogne.fr\/wp-content\/uploads\/2022\/02\/Covivio-32-Boulogne-060-768x512.jpg 768w, https:\/\/32boulogne.fr\/wp-content\/uploads\/2022\/02\/Covivio-32-Boulogne-060-1536x1024.jpg 1536w, https:\/\/32boulogne.fr\/wp-content\/uploads\/2022\/02\/Covivio-32-Boulogne-060-1568x1045.jpg 1568w\" sizes=\"(max-width: 2042px) 100vw, 2042px\" \/><\/figure>\n\n\n\n<figure class=\"wp-block-image size-large is-style-default\"><img decoding=\"async\" width=\"2042\" height=\"1361\" data-id=\"105\" src=\"http:\/\/32boulogne.fr\/wp-content\/uploads\/2022\/02\/Covivio-32-Boulogne-054-1.jpg\" alt=\"\" class=\"wp-image-105\" srcset=\"https:\/\/32boulogne.fr\/wp-content\/uploads\/2022\/02\/Covivio-32-Boulogne-054-1.jpg 2042w, https:\/\/32boulogne.fr\/wp-content\/uploads\/2022\/02\/Covivio-32-Boulogne-054-1-300x200.jpg 300w, https:\/\/32boulogne.fr\/wp-content\/uploads\/2022\/02\/Covivio-32-Boulogne-054-1-1024x682.jpg 1024w, https:\/\/32boulogne.fr\/wp-content\/uploads\/2022\/02\/Covivio-32-Boulogne-054-1-768x512.jpg 768w, https:\/\/32boulogne.fr\/wp-content\/uploads\/2022\/02\/Covivio-32-Boulogne-054-1-1536x1024.jpg 1536w, https:\/\/32boulogne.fr\/wp-content\/uploads\/2022\/02\/Covivio-32-Boulogne-054-1-1568x1045.jpg 1568w\" sizes=\"(max-width: 2042px) 100vw, 2042px\" \/><\/figure>\n\n\n\n<figure class=\"wp-block-image size-large is-style-default\"><img decoding=\"async\" width=\"2560\" height=\"1441\" data-id=\"104\" src=\"http:\/\/32boulogne.fr\/wp-content\/uploads\/2022\/02\/reunion-32-boulogne-1-scaled.jpg\" alt=\"\" class=\"wp-image-104\" srcset=\"https:\/\/32boulogne.fr\/wp-content\/uploads\/2022\/02\/reunion-32-boulogne-1-scaled.jpg 2560w, https:\/\/32boulogne.fr\/wp-content\/uploads\/2022\/02\/reunion-32-boulogne-1-300x169.jpg 300w, https:\/\/32boulogne.fr\/wp-content\/uploads\/2022\/02\/reunion-32-boulogne-1-1024x576.jpg 1024w, https:\/\/32boulogne.fr\/wp-content\/uploads\/2022\/02\/reunion-32-boulogne-1-768x432.jpg 768w, https:\/\/32boulogne.fr\/wp-content\/uploads\/2022\/02\/reunion-32-boulogne-1-1536x864.jpg 1536w, https:\/\/32boulogne.fr\/wp-content\/uploads\/2022\/02\/reunion-32-boulogne-1-2048x1153.jpg 2048w, https:\/\/32boulogne.fr\/wp-content\/uploads\/2022\/02\/reunion-32-boulogne-1-1568x882.jpg 1568w\" sizes=\"(max-width: 2560px) 100vw, 2560px\" \/><\/figure>\n<\/figure>\n\n\n\n<p>Trois salles de r\u00e9union et un espace Salon, vous attendent au rez-de-chauss\u00e9e de votre immeuble.<\/p>\n\n\n\n<p>La salle <strong>Le Corbusier<\/strong> a une capacit\u00e9 de  14 personnes. Elle dispose d&rsquo;un \u00e9cran et de deux click share.<br>La salle <strong>Robert Mallet Stevens<\/strong> a une capacit\u00e9 de 8 personnes. Elle dispose d&rsquo;un \u00e9cran et de deux click share. <\/p>\n\n\n\n<p>Les salles Le Corbusier et Robert Mallet Stevens sont modulables. Ensemble, elles permettent d&rsquo;obtenir une capacit\u00e9 de 24 personnes. Il est imp\u00e9ratif de r\u00e9server les deux salles pour obtenir cette capacit\u00e9 aupr\u00e8s de l&rsquo;accueil.<br>La salle <strong>Pouillon<\/strong> est la salle la plus informelle avec une capacit\u00e9 de 6 personnes. Elle dispose d&rsquo;un \u00e9cran et de deux click share.<\/p>\n\n\n\n<p><\/p>\n\n\n\n<hr class=\"wp-block-separator has-text-color has-secondary-color has-css-opacity has-secondary-background-color has-background is-style-wide\"\/>\n\n\n\n<p>Vos demandes de r\u00e9servation sont \u00e0 effectuer aupr\u00e8s de vos Hospitality Officer \u00e0 l&rsquo;accueil du 32 Boulogne, par email \u00e0 reception@32boulogne.fr ou via les modules de r\u00e9servation ci-dessous :<\/p>\n\n\n\n<p><\/p>\n\n\n\n<div class=\"wp-block-bookly-form\"><!--\nPlugin Name: Bookly - Responsive WordPress Appointment Booking and Scheduling Plugin\nPlugin URI: https:\/\/www.booking-wp-plugin.com\/?utm_source=bookly_admin&utm_medium=plugins_page&utm_campaign=plugins_page\nVersion: 27.5-->\n<style type=\"text\/css\">\n    :root {\n        --bookly-main-color: #ddab5f !important;\n        --bookly-color: #ddab5f !important;\n    }\n\n    <\/style><div class=\"bookly-css-root\">\n    <div id=\"bookly-form-container-69ea36d1c71e3\" class=\"bookly-form\" data-form_id=\"\" aria-live=\"polite\">\n        <div style=\"text-align: center\"><img decoding=\"async\" src=\"https:\/\/32boulogne.fr\/wp-includes\/js\/tinymce\/skins\/lightgray\/img\/loader.gif\" alt=\"Chargement...\"\/><\/div>\n    <\/div>\n<\/div>\n    <div class=\"powered-by-bookly\">Cr\u00e9\u00e9 par        <a href=\"https:\/\/www.booking-wp-plugin.com\/?utm_source=referral&utm_medium=booking_widget\" target=\"_blank\">Bookly<\/a> \u2014\n        <a href=\"https:\/\/www.booking-wp-plugin.com\/?utm_source=referral&utm_medium=booking_widget\" target=\"_blank\">WordPress Booking Plugin<\/a>\n    <\/div>\n<script type=\"text\/javascript\">\n    (function (win, fn) {\n        var done = false, top = true,\n            doc = win.document,\n            root = doc.documentElement,\n            modern = doc.addEventListener,\n            add = modern ? 'addEventListener' : 'attachEvent',\n            rem = modern ? 'removeEventListener' : 'detachEvent',\n            pre = modern ? '' : 'on',\n            init = function (e) {\n                if (e.type == 'readystatechange') if (doc.readyState != 'complete') return;\n                (e.type == 'load' ? win : doc)[rem](pre + e.type, init, false);\n                if (!done) {\n                    done = true;\n                    fn.call(win, e.type || e);\n                }\n            },\n            poll = function () {\n                try {\n                    root.doScroll('left');\n                } catch (e) {\n                    setTimeout(poll, 50);\n                    return;\n                }\n                init('poll');\n            };\n        if (doc.readyState == 'complete') fn.call(win, 'lazy');\n        else {\n            if (!modern) if (root.doScroll) {\n                try {\n                    top = !win.frameElement;\n                } catch (e) {\n                }\n                if (top) poll();\n            }\n            doc[add](pre + 'DOMContentLoaded', init, false);\n            doc[add](pre + 'readystatechange', init, false);\n            win[add](pre + 'load', init, false);\n        }\n    })(window, function () {\n        window.bookly( {\"form_id\":\"69ea36d1c71e3\",\"form_data\":{\"skip_service_step\":0,\"hide_service_part1\":0,\"hide_service_part2\":0,\"defaults\":{\"service_id\":0,\"staff_id\":0,\"location_id\":0,\"category_id\":0,\"units\":0,\"date_from\":0,\"time_from\":0,\"time_to\":0}},\"status\":{\"booking\":\"new\"},\"form_token\":null,\"skip_steps\":{\"service_part1\":0,\"service_part2\":0,\"extras\":1,\"time\":0,\"repeat\":1,\"cart\":1},\"errors\":{\"session_error\":\"Erreur Session.\",\"form_id_error\":\"ID Formulaire d'erreur.\",\"cart_item_not_available\":\"Le cr\\u00e9neau horaire s\\u00e9lectionn\\u00e9 n'est plus disponible. Merci d'en choisir un autre.\",\"pay_locally_not_available\":\"Le paiement local n'est pas disponible.\",\"invalid_gateway\":\"Portail invalide.\",\"payment_error\":\"Erreur.\",\"incorrect_username_password\":\"Identifiant ou mot de passe incorrect.\"},\"form_attributes\":{\"hide_categories\":false,\"hide_services\":false,\"hide_staff_members\":false,\"show_number_of_persons\":false,\"hide_service_duration\":true,\"hide_locations\":true,\"hide_quantity\":true,\"hide_date\":false,\"hide_week_days\":false,\"hide_time_range\":false},\"use_client_time_zone\":0,\"defaults\":{\"service_id\":0,\"staff_id\":0,\"location_id\":0,\"category_id\":0},\"datepicker_mode\":\"text-accent\"} );\n    });\n<\/script><\/div>\n","protected":false},"excerpt":{"rendered":"<p>Trois salles de r\u00e9union et un espace Salon, vous attendent au rez-de-chauss\u00e9e de votre immeuble. La salle Le Corbusier a une capacit\u00e9 de 14 personnes. Elle dispose d&rsquo;un \u00e9cran et de deux click share.La salle Robert Mallet Stevens a une capacit\u00e9 de 8 personnes. Elle dispose d&rsquo;un \u00e9cran et de deux click share. Les salles &hellip; <\/p>\n<p class=\"link-more\"><a href=\"https:\/\/32boulogne.fr\/?page_id=69\" class=\"more-link\">Continuer la lecture <span class=\"screen-reader-text\"> \u00ab\u00a0Meeting Center\u00a0\u00bb<\/span><\/a><\/p>\n","protected":false},"author":1,"featured_media":0,"parent":0,"menu_order":0,"comment_status":"closed","ping_status":"closed","template":"","meta":{"footnotes":""},"class_list":["post-69","page","type-page","status-publish","hentry","entry"],"yoast_head":"<!-- This site is optimized with the Yoast SEO plugin v27.4 - https:\/\/yoast.com\/product\/yoast-seo-wordpress\/ -->\n<title>Meeting Center - 32 Boulogne<\/title>\n<meta name=\"robots\" content=\"index, follow, max-snippet:-1, max-image-preview:large, max-video-preview:-1\" \/>\n<link rel=\"canonical\" href=\"https:\/\/32boulogne.fr\/?page_id=69\" class=\"yoast-seo-meta-tag\" \/>\n<meta property=\"og:locale\" content=\"fr_FR\" class=\"yoast-seo-meta-tag\" \/>\n<meta property=\"og:type\" content=\"article\" class=\"yoast-seo-meta-tag\" \/>\n<meta property=\"og:title\" content=\"Meeting Center - 32 Boulogne\" class=\"yoast-seo-meta-tag\" \/>\n<meta property=\"og:description\" content=\"Trois salles de r\u00e9union et un espace Salon, vous attendent au rez-de-chauss\u00e9e de votre immeuble. La salle Le Corbusier a une capacit\u00e9 de 14 personnes. Elle dispose d&rsquo;un \u00e9cran et de deux click share.La salle Robert Mallet Stevens a une capacit\u00e9 de 8 personnes. Elle dispose d&rsquo;un \u00e9cran et de deux click share. Les salles &hellip; Continuer la lecture \u00ab\u00a0Meeting Center\u00a0\u00bb\" class=\"yoast-seo-meta-tag\" \/>\n<meta property=\"og:url\" content=\"https:\/\/32boulogne.fr\/?page_id=69\" class=\"yoast-seo-meta-tag\" \/>\n<meta property=\"og:site_name\" content=\"32 Boulogne\" class=\"yoast-seo-meta-tag\" \/>\n<meta property=\"article:modified_time\" content=\"2025-07-07T09:01:00+00:00\" class=\"yoast-seo-meta-tag\" \/>\n<meta property=\"og:image\" content=\"http:\/\/32boulogne.fr\/wp-content\/uploads\/2022\/02\/Covivio-32-Boulogne-060.jpg\" class=\"yoast-seo-meta-tag\" \/>\n<meta name=\"twitter:card\" content=\"summary_large_image\" class=\"yoast-seo-meta-tag\" \/>\n<meta name=\"twitter:label1\" content=\"Dur\u00e9e de lecture estim\u00e9e\" class=\"yoast-seo-meta-tag\" \/>\n\t<meta name=\"twitter:data1\" content=\"2 minutes\" class=\"yoast-seo-meta-tag\" \/>\n<script type=\"application\/ld+json\" class=\"yoast-schema-graph\">{\"@context\":\"https:\\\/\\\/schema.org\",\"@graph\":[{\"@type\":\"WebPage\",\"@id\":\"https:\\\/\\\/32boulogne.fr\\\/?page_id=69\",\"url\":\"https:\\\/\\\/32boulogne.fr\\\/?page_id=69\",\"name\":\"Meeting Center - 32 Boulogne\",\"isPartOf\":{\"@id\":\"http:\\\/\\\/32boulogne.fr\\\/#website\"},\"primaryImageOfPage\":{\"@id\":\"https:\\\/\\\/32boulogne.fr\\\/?page_id=69#primaryimage\"},\"image\":{\"@id\":\"https:\\\/\\\/32boulogne.fr\\\/?page_id=69#primaryimage\"},\"thumbnailUrl\":\"http:\\\/\\\/32boulogne.fr\\\/wp-content\\\/uploads\\\/2022\\\/02\\\/Covivio-32-Boulogne-060.jpg\",\"datePublished\":\"2022-02-23T18:34:24+00:00\",\"dateModified\":\"2025-07-07T09:01:00+00:00\",\"breadcrumb\":{\"@id\":\"https:\\\/\\\/32boulogne.fr\\\/?page_id=69#breadcrumb\"},\"inLanguage\":\"fr-FR\",\"potentialAction\":[{\"@type\":\"ReadAction\",\"target\":[\"https:\\\/\\\/32boulogne.fr\\\/?page_id=69\"]}]},{\"@type\":\"ImageObject\",\"inLanguage\":\"fr-FR\",\"@id\":\"https:\\\/\\\/32boulogne.fr\\\/?page_id=69#primaryimage\",\"url\":\"https:\\\/\\\/32boulogne.fr\\\/wp-content\\\/uploads\\\/2022\\\/02\\\/Covivio-32-Boulogne-060.jpg\",\"contentUrl\":\"https:\\\/\\\/32boulogne.fr\\\/wp-content\\\/uploads\\\/2022\\\/02\\\/Covivio-32-Boulogne-060.jpg\",\"width\":2042,\"height\":1361},{\"@type\":\"BreadcrumbList\",\"@id\":\"https:\\\/\\\/32boulogne.fr\\\/?page_id=69#breadcrumb\",\"itemListElement\":[{\"@type\":\"ListItem\",\"position\":1,\"name\":\"Accueil\",\"item\":\"http:\\\/\\\/32boulogne.fr\\\/\"},{\"@type\":\"ListItem\",\"position\":2,\"name\":\"Meeting Center\"}]},{\"@type\":\"WebSite\",\"@id\":\"http:\\\/\\\/32boulogne.fr\\\/#website\",\"url\":\"http:\\\/\\\/32boulogne.fr\\\/\",\"name\":\"32 Boulogne\",\"description\":\"Vos services Immeuble\",\"publisher\":{\"@id\":\"http:\\\/\\\/32boulogne.fr\\\/#organization\"},\"potentialAction\":[{\"@type\":\"SearchAction\",\"target\":{\"@type\":\"EntryPoint\",\"urlTemplate\":\"http:\\\/\\\/32boulogne.fr\\\/?s={search_term_string}\"},\"query-input\":{\"@type\":\"PropertyValueSpecification\",\"valueRequired\":true,\"valueName\":\"search_term_string\"}}],\"inLanguage\":\"fr-FR\"},{\"@type\":\"Organization\",\"@id\":\"http:\\\/\\\/32boulogne.fr\\\/#organization\",\"name\":\"32 Boulogne\",\"url\":\"http:\\\/\\\/32boulogne.fr\\\/\",\"logo\":{\"@type\":\"ImageObject\",\"inLanguage\":\"fr-FR\",\"@id\":\"http:\\\/\\\/32boulogne.fr\\\/#\\\/schema\\\/logo\\\/image\\\/\",\"url\":\"https:\\\/\\\/32boulogne.fr\\\/wp-content\\\/uploads\\\/2022\\\/02\\\/cropped-Logo-Grenier.jpg\",\"contentUrl\":\"https:\\\/\\\/32boulogne.fr\\\/wp-content\\\/uploads\\\/2022\\\/02\\\/cropped-Logo-Grenier.jpg\",\"width\":190,\"height\":190,\"caption\":\"32 Boulogne\"},\"image\":{\"@id\":\"http:\\\/\\\/32boulogne.fr\\\/#\\\/schema\\\/logo\\\/image\\\/\"}}]}<\/script>\n<!-- \/ Yoast SEO plugin. -->","yoast_head_json":{"title":"Meeting Center - 32 Boulogne","robots":{"index":"index","follow":"follow","max-snippet":"max-snippet:-1","max-image-preview":"max-image-preview:large","max-video-preview":"max-video-preview:-1"},"canonical":"https:\/\/32boulogne.fr\/?page_id=69","og_locale":"fr_FR","og_type":"article","og_title":"Meeting Center - 32 Boulogne","og_description":"Trois salles de r\u00e9union et un espace Salon, vous attendent au rez-de-chauss\u00e9e de votre immeuble. La salle Le Corbusier a une capacit\u00e9 de 14 personnes. Elle dispose d&rsquo;un \u00e9cran et de deux click share.La salle Robert Mallet Stevens a une capacit\u00e9 de 8 personnes. Elle dispose d&rsquo;un \u00e9cran et de deux click share. Les salles &hellip; Continuer la lecture \u00ab\u00a0Meeting Center\u00a0\u00bb","og_url":"https:\/\/32boulogne.fr\/?page_id=69","og_site_name":"32 Boulogne","article_modified_time":"2025-07-07T09:01:00+00:00","og_image":[{"url":"http:\/\/32boulogne.fr\/wp-content\/uploads\/2022\/02\/Covivio-32-Boulogne-060.jpg","type":"","width":"","height":""}],"twitter_card":"summary_large_image","twitter_misc":{"Dur\u00e9e de lecture estim\u00e9e":"2 minutes"},"schema":{"@context":"https:\/\/schema.org","@graph":[{"@type":"WebPage","@id":"https:\/\/32boulogne.fr\/?page_id=69","url":"https:\/\/32boulogne.fr\/?page_id=69","name":"Meeting Center - 32 Boulogne","isPartOf":{"@id":"http:\/\/32boulogne.fr\/#website"},"primaryImageOfPage":{"@id":"https:\/\/32boulogne.fr\/?page_id=69#primaryimage"},"image":{"@id":"https:\/\/32boulogne.fr\/?page_id=69#primaryimage"},"thumbnailUrl":"http:\/\/32boulogne.fr\/wp-content\/uploads\/2022\/02\/Covivio-32-Boulogne-060.jpg","datePublished":"2022-02-23T18:34:24+00:00","dateModified":"2025-07-07T09:01:00+00:00","breadcrumb":{"@id":"https:\/\/32boulogne.fr\/?page_id=69#breadcrumb"},"inLanguage":"fr-FR","potentialAction":[{"@type":"ReadAction","target":["https:\/\/32boulogne.fr\/?page_id=69"]}]},{"@type":"ImageObject","inLanguage":"fr-FR","@id":"https:\/\/32boulogne.fr\/?page_id=69#primaryimage","url":"https:\/\/32boulogne.fr\/wp-content\/uploads\/2022\/02\/Covivio-32-Boulogne-060.jpg","contentUrl":"https:\/\/32boulogne.fr\/wp-content\/uploads\/2022\/02\/Covivio-32-Boulogne-060.jpg","width":2042,"height":1361},{"@type":"BreadcrumbList","@id":"https:\/\/32boulogne.fr\/?page_id=69#breadcrumb","itemListElement":[{"@type":"ListItem","position":1,"name":"Accueil","item":"http:\/\/32boulogne.fr\/"},{"@type":"ListItem","position":2,"name":"Meeting Center"}]},{"@type":"WebSite","@id":"http:\/\/32boulogne.fr\/#website","url":"http:\/\/32boulogne.fr\/","name":"32 Boulogne","description":"Vos services Immeuble","publisher":{"@id":"http:\/\/32boulogne.fr\/#organization"},"potentialAction":[{"@type":"SearchAction","target":{"@type":"EntryPoint","urlTemplate":"http:\/\/32boulogne.fr\/?s={search_term_string}"},"query-input":{"@type":"PropertyValueSpecification","valueRequired":true,"valueName":"search_term_string"}}],"inLanguage":"fr-FR"},{"@type":"Organization","@id":"http:\/\/32boulogne.fr\/#organization","name":"32 Boulogne","url":"http:\/\/32boulogne.fr\/","logo":{"@type":"ImageObject","inLanguage":"fr-FR","@id":"http:\/\/32boulogne.fr\/#\/schema\/logo\/image\/","url":"https:\/\/32boulogne.fr\/wp-content\/uploads\/2022\/02\/cropped-Logo-Grenier.jpg","contentUrl":"https:\/\/32boulogne.fr\/wp-content\/uploads\/2022\/02\/cropped-Logo-Grenier.jpg","width":190,"height":190,"caption":"32 Boulogne"},"image":{"@id":"http:\/\/32boulogne.fr\/#\/schema\/logo\/image\/"}}]}},"_links":{"self":[{"href":"https:\/\/32boulogne.fr\/index.php?rest_route=\/wp\/v2\/pages\/69","targetHints":{"allow":["GET"]}}],"collection":[{"href":"https:\/\/32boulogne.fr\/index.php?rest_route=\/wp\/v2\/pages"}],"about":[{"href":"https:\/\/32boulogne.fr\/index.php?rest_route=\/wp\/v2\/types\/page"}],"author":[{"embeddable":true,"href":"https:\/\/32boulogne.fr\/index.php?rest_route=\/wp\/v2\/users\/1"}],"replies":[{"embeddable":true,"href":"https:\/\/32boulogne.fr\/index.php?rest_route=%2Fwp%2Fv2%2Fcomments&post=69"}],"version-history":[{"count":9,"href":"https:\/\/32boulogne.fr\/index.php?rest_route=\/wp\/v2\/pages\/69\/revisions"}],"predecessor-version":[{"id":755,"href":"https:\/\/32boulogne.fr\/index.php?rest_route=\/wp\/v2\/pages\/69\/revisions\/755"}],"wp:attachment":[{"href":"https:\/\/32boulogne.fr\/index.php?rest_route=%2Fwp%2Fv2%2Fmedia&parent=69"}],"curies":[{"name":"wp","href":"https:\/\/api.w.org\/{rel}","templated":true}]}}