{"id":67,"date":"2022-02-23T19:34:24","date_gmt":"2022-02-23T18:34:24","guid":{"rendered":"http:\/\/32boulogne.fr\/?page_id=67"},"modified":"2025-05-13T11:58:49","modified_gmt":"2025-05-13T09:58:49","slug":"vos-hospitalities","status":"publish","type":"page","link":"https:\/\/32boulogne.fr\/?page_id=67","title":{"rendered":"Hospitality"},"content":{"rendered":"\t\t<div data-elementor-type=\"wp-page\" data-elementor-id=\"67\" class=\"elementor elementor-67\">\n\t\t\t\t\t\t<section class=\"elementor-section elementor-top-section elementor-element elementor-element-37e8b2a6 elementor-section-content-middle elementor-section-boxed elementor-section-height-default elementor-section-height-default\" data-id=\"37e8b2a6\" data-element_type=\"section\" data-e-type=\"section\">\n\t\t\t\t\t\t<div class=\"elementor-container elementor-column-gap-default\">\n\t\t\t\t\t<div class=\"elementor-column elementor-col-100 elementor-top-column elementor-element elementor-element-152d708b\" data-id=\"152d708b\" data-element_type=\"column\" data-e-type=\"column\">\n\t\t\t<div class=\"elementor-widget-wrap\">\n\t\t\t\t\t\t\t<\/div>\n\t\t<\/div>\n\t\t\t\t\t<\/div>\n\t\t<\/section>\n\t\t\t\t<section class=\"elementor-section elementor-top-section elementor-element elementor-element-ff70a5e elementor-section-boxed elementor-section-height-default elementor-section-height-default\" data-id=\"ff70a5e\" data-element_type=\"section\" data-e-type=\"section\">\n\t\t\t\t\t\t<div class=\"elementor-container elementor-column-gap-default\">\n\t\t\t\t\t<div class=\"elementor-column elementor-col-100 elementor-top-column elementor-element elementor-element-f99d1c1\" data-id=\"f99d1c1\" data-element_type=\"column\" data-e-type=\"column\">\n\t\t\t<div class=\"elementor-widget-wrap elementor-element-populated\">\n\t\t\t\t\t\t<div class=\"elementor-element elementor-element-8b01f86 elementor-widget__width-inherit elementor-widget elementor-widget-text-editor\" data-id=\"8b01f86\" data-element_type=\"widget\" data-e-type=\"widget\" data-widget_type=\"text-editor.default\">\n\t\t\t\t<div class=\"elementor-widget-container\">\n\t\t\t\t\t\t\t\t\t<p>Vos Hospitality vous accueillent du lundi au vendredi, de 8h \u00e0 19h.<\/p>\t\t\t\t\t\t\t\t<\/div>\n\t\t\t\t<\/div>\n\t\t\t\t<div class=\"elementor-element elementor-element-78be170 elementor-widget__width-inherit elementor-widget elementor-widget-heading\" data-id=\"78be170\" data-element_type=\"widget\" data-e-type=\"widget\" data-widget_type=\"heading.default\">\n\t\t\t\t<div class=\"elementor-widget-container\">\n\t\t\t\t\t<h2 class=\"elementor-heading-title elementor-size-default\"> Mor DIAGNE<\/h2>\t\t\t\t<\/div>\n\t\t\t\t<\/div>\n\t\t\t\t<section class=\"elementor-section elementor-inner-section elementor-element elementor-element-7aff22c elementor-section-boxed elementor-section-height-default elementor-section-height-default\" data-id=\"7aff22c\" data-element_type=\"section\" data-e-type=\"section\">\n\t\t\t\t\t\t<div class=\"elementor-container elementor-column-gap-default\">\n\t\t\t\t\t<div class=\"elementor-column elementor-col-50 elementor-inner-column elementor-element elementor-element-a99dca6\" data-id=\"a99dca6\" data-element_type=\"column\" data-e-type=\"column\">\n\t\t\t<div class=\"elementor-widget-wrap elementor-element-populated\">\n\t\t\t\t\t\t<div class=\"elementor-element elementor-element-4223762 elementor-widget__width-initial elementor-widget elementor-widget-heading\" data-id=\"4223762\" data-element_type=\"widget\" data-e-type=\"widget\" data-widget_type=\"heading.default\">\n\t\t\t\t<div class=\"elementor-widget-container\">\n\t\t\t\t\t<h1 class=\"elementor-heading-title elementor-size-medium\">Dans le cadre de ses \u00e9tudes, il a obtenu une licence en G\u00e9ographie et ensuite pr\u00e9par\u00e9 un Master en Patrimoine, M\u00e9diation et Ing\u00e9nierie des parcours touristiques \u00e0 Sorbonne Paris Nord. <br><br>Concernant son travail, son objectif est clair : r\u00e9pondre au mieux \u00e0 vos attentes, vous accompagner avec bienveillance et professionnalisme. <br><br>Toujours \u00e0 l'\u00e9coute  et anim\u00e9 par le sourire. Il s'investit pleinement pour faire de votre passage au 32 Boulogne une exp\u00e9rience agr\u00e9able, dans un espace pens\u00e9 pour votre bien-\u00eatre.<\/h1>\t\t\t\t<\/div>\n\t\t\t\t<\/div>\n\t\t\t\t\t<\/div>\n\t\t<\/div>\n\t\t\t\t<div class=\"elementor-column elementor-col-50 elementor-inner-column elementor-element elementor-element-1b12c97\" data-id=\"1b12c97\" data-element_type=\"column\" data-e-type=\"column\">\n\t\t\t<div class=\"elementor-widget-wrap elementor-element-populated\">\n\t\t\t\t\t\t<div class=\"elementor-element elementor-element-aa93bca elementor-widget__width-initial elementor-widget elementor-widget-image\" data-id=\"aa93bca\" data-element_type=\"widget\" data-e-type=\"widget\" data-widget_type=\"image.default\">\n\t\t\t\t<div class=\"elementor-widget-container\">\n\t\t\t\t\t\t\t\t\t\t\t\t\t\t\t<img fetchpriority=\"high\" decoding=\"async\" width=\"640\" height=\"640\" src=\"https:\/\/32boulogne.fr\/wp-content\/uploads\/2025\/05\/Mor.jpg\" class=\"attachment-large size-large wp-image-703\" alt=\"\" srcset=\"https:\/\/32boulogne.fr\/wp-content\/uploads\/2025\/05\/Mor.jpg 798w, https:\/\/32boulogne.fr\/wp-content\/uploads\/2025\/05\/Mor-300x300.jpg 300w, https:\/\/32boulogne.fr\/wp-content\/uploads\/2025\/05\/Mor-150x150.jpg 150w, https:\/\/32boulogne.fr\/wp-content\/uploads\/2025\/05\/Mor-768x768.jpg 768w\" sizes=\"(max-width: 640px) 100vw, 640px\" \/>\t\t\t\t\t\t\t\t\t\t\t\t\t\t\t<\/div>\n\t\t\t\t<\/div>\n\t\t\t\t\t<\/div>\n\t\t<\/div>\n\t\t\t\t\t<\/div>\n\t\t<\/section>\n\t\t\t\t\t<\/div>\n\t\t<\/div>\n\t\t\t\t\t<\/div>\n\t\t<\/section>\n\t\t\t\t<section class=\"elementor-section elementor-top-section elementor-element elementor-element-49cc253 elementor-section-boxed elementor-section-height-default elementor-section-height-default\" data-id=\"49cc253\" data-element_type=\"section\" data-e-type=\"section\">\n\t\t\t\t\t\t<div class=\"elementor-container elementor-column-gap-default\">\n\t\t\t\t\t<div class=\"elementor-column elementor-col-100 elementor-top-column elementor-element elementor-element-e3bef07\" data-id=\"e3bef07\" data-element_type=\"column\" data-e-type=\"column\">\n\t\t\t<div class=\"elementor-widget-wrap elementor-element-populated\">\n\t\t\t\t\t\t<div class=\"elementor-element elementor-element-49af50c elementor-widget elementor-widget-spacer\" data-id=\"49af50c\" data-element_type=\"widget\" data-e-type=\"widget\" data-widget_type=\"spacer.default\">\n\t\t\t\t<div class=\"elementor-widget-container\">\n\t\t\t\t\t\t\t<div class=\"elementor-spacer\">\n\t\t\t<div class=\"elementor-spacer-inner\"><\/div>\n\t\t<\/div>\n\t\t\t\t\t\t<\/div>\n\t\t\t\t<\/div>\n\t\t\t\t\t<\/div>\n\t\t<\/div>\n\t\t\t\t\t<\/div>\n\t\t<\/section>\n\t\t\t\t<section class=\"elementor-section elementor-top-section elementor-element elementor-element-2e034b2 elementor-section-boxed elementor-section-height-default elementor-section-height-default\" data-id=\"2e034b2\" data-element_type=\"section\" data-e-type=\"section\">\n\t\t\t\t\t\t<div class=\"elementor-container elementor-column-gap-default\">\n\t\t\t\t\t<div class=\"elementor-column elementor-col-100 elementor-top-column elementor-element elementor-element-ab61fb8\" data-id=\"ab61fb8\" data-element_type=\"column\" data-e-type=\"column\">\n\t\t\t<div class=\"elementor-widget-wrap elementor-element-populated\">\n\t\t\t\t\t\t<div class=\"elementor-element elementor-element-4d0b7d9 elementor-widget__width-auto elementor-widget elementor-widget-heading\" data-id=\"4d0b7d9\" data-element_type=\"widget\" data-e-type=\"widget\" data-widget_type=\"heading.default\">\n\t\t\t\t<div class=\"elementor-widget-container\">\n\t\t\t\t\t<h2 class=\"elementor-heading-title elementor-size-default\">Pedro RODRIGUES<\/h2>\t\t\t\t<\/div>\n\t\t\t\t<\/div>\n\t\t\t\t\t<\/div>\n\t\t<\/div>\n\t\t\t\t\t<\/div>\n\t\t<\/section>\n\t\t\t\t<section class=\"elementor-section elementor-top-section elementor-element elementor-element-4f65546 elementor-section-boxed elementor-section-height-default elementor-section-height-default\" data-id=\"4f65546\" data-element_type=\"section\" data-e-type=\"section\">\n\t\t\t\t\t\t<div class=\"elementor-container elementor-column-gap-default\">\n\t\t\t\t\t<div class=\"elementor-column elementor-col-50 elementor-top-column elementor-element elementor-element-85b5f4f\" data-id=\"85b5f4f\" data-element_type=\"column\" data-e-type=\"column\">\n\t\t\t<div class=\"elementor-widget-wrap elementor-element-populated\">\n\t\t\t\t\t\t<div class=\"elementor-element elementor-element-dfe93bd elementor-widget elementor-widget-heading\" data-id=\"dfe93bd\" data-element_type=\"widget\" data-e-type=\"widget\" data-widget_type=\"heading.default\">\n\t\t\t\t<div class=\"elementor-widget-container\">\n\t\t\t\t\t<h2 class=\"elementor-heading-title elementor-size-default\"><p class=\"MsoNormal\">\u00c9tudiant en technologie de l'information et passionn\u00e9 par la\nrelation client, Il se sp\u00e9cialise en CRM avec une solide exp\u00e9rience dans le service client. <\/p><p class=\"MsoNormal\">Actuellement en poste \u00e0 la r\u00e9ception, il applique chaque jour ses comp\u00e9tences en communication et en gestion de la relation client. <\/p><p class=\"MsoNormal\">Son objectif est d\u2019\u00e9voluer dans un environnement o\u00f9 il peux combiner\nses connaissances techniques et son sens du service. <span style=\"letter-spacing: -0.02em\"><\/span><\/p><\/h2>\t\t\t\t<\/div>\n\t\t\t\t<\/div>\n\t\t\t\t\t<\/div>\n\t\t<\/div>\n\t\t\t\t<div class=\"elementor-column elementor-col-50 elementor-top-column elementor-element elementor-element-2c856c5\" data-id=\"2c856c5\" data-element_type=\"column\" data-e-type=\"column\">\n\t\t\t<div class=\"elementor-widget-wrap elementor-element-populated\">\n\t\t\t\t\t\t<div class=\"elementor-element elementor-element-35aea10 elementor-widget__width-initial elementor-widget elementor-widget-image\" data-id=\"35aea10\" data-element_type=\"widget\" data-e-type=\"widget\" data-widget_type=\"image.default\">\n\t\t\t\t<div class=\"elementor-widget-container\">\n\t\t\t\t\t\t\t\t\t\t\t\t\t\t\t<img decoding=\"async\" width=\"632\" height=\"676\" src=\"https:\/\/32boulogne.fr\/wp-content\/uploads\/2025\/05\/Pedro-e1747130104151.jpg\" class=\"attachment-large size-large wp-image-707\" alt=\"\" srcset=\"https:\/\/32boulogne.fr\/wp-content\/uploads\/2025\/05\/Pedro-e1747130104151.jpg 632w, https:\/\/32boulogne.fr\/wp-content\/uploads\/2025\/05\/Pedro-e1747130104151-280x300.jpg 280w\" sizes=\"(max-width: 632px) 100vw, 632px\" \/>\t\t\t\t\t\t\t\t\t\t\t\t\t\t\t<\/div>\n\t\t\t\t<\/div>\n\t\t\t\t\t<\/div>\n\t\t<\/div>\n\t\t\t\t\t<\/div>\n\t\t<\/section>\n\t\t\t\t<\/div>\n\t\t","protected":false},"excerpt":{"rendered":"<p>Vos Hospitality vous accueillent du lundi au vendredi, de 8h \u00e0 19h. Mor DIAGNE Dans le cadre de ses \u00e9tudes, il a obtenu une licence en G\u00e9ographie et ensuite pr\u00e9par\u00e9 un Master en Patrimoine, M\u00e9diation et Ing\u00e9nierie des parcours touristiques \u00e0 Sorbonne Paris Nord. Concernant son travail, son objectif est clair : r\u00e9pondre au mieux &hellip; <\/p>\n<p class=\"link-more\"><a href=\"https:\/\/32boulogne.fr\/?page_id=67\" class=\"more-link\">Continuer la lecture <span class=\"screen-reader-text\"> \u00ab\u00a0Hospitality\u00a0\u00bb<\/span><\/a><\/p>\n","protected":false},"author":1,"featured_media":0,"parent":0,"menu_order":0,"comment_status":"closed","ping_status":"closed","template":"elementor_header_footer","meta":{"footnotes":""},"class_list":["post-67","page","type-page","status-publish","hentry","entry"],"yoast_head":"<!-- This site is optimized with the Yoast SEO plugin v27.4 - https:\/\/yoast.com\/product\/yoast-seo-wordpress\/ -->\n<title>Hospitality - 32 Boulogne<\/title>\n<meta name=\"description\" content=\"Mor Diagne et Pedro les Hospitalit\u00e9s du 32 Boulogne.\" class=\"yoast-seo-meta-tag\" \/>\n<meta name=\"robots\" content=\"index, follow, max-snippet:-1, max-image-preview:large, max-video-preview:-1\" \/>\n<link rel=\"canonical\" href=\"http:\/\/32boulogne.fr\/?page_id=67\" class=\"yoast-seo-meta-tag\" \/>\n<meta property=\"og:locale\" content=\"fr_FR\" class=\"yoast-seo-meta-tag\" \/>\n<meta property=\"og:type\" content=\"article\" class=\"yoast-seo-meta-tag\" \/>\n<meta property=\"og:title\" content=\"Hospitality - 32 Boulogne\" class=\"yoast-seo-meta-tag\" \/>\n<meta property=\"og:description\" content=\"Mor Diagne et Pedro les Hospitalit\u00e9s du 32 Boulogne.\" class=\"yoast-seo-meta-tag\" \/>\n<meta property=\"og:url\" content=\"http:\/\/32boulogne.fr\/?page_id=67\" class=\"yoast-seo-meta-tag\" \/>\n<meta property=\"og:site_name\" content=\"32 Boulogne\" class=\"yoast-seo-meta-tag\" \/>\n<meta property=\"article:modified_time\" content=\"2025-05-13T09:58:49+00:00\" class=\"yoast-seo-meta-tag\" \/>\n<meta property=\"og:image\" content=\"http:\/\/32boulogne.fr\/wp-content\/uploads\/2025\/05\/Mor.jpg\" class=\"yoast-seo-meta-tag\" \/>\n<meta name=\"twitter:card\" content=\"summary_large_image\" class=\"yoast-seo-meta-tag\" \/>\n<meta name=\"twitter:label1\" content=\"Dur\u00e9e de lecture estim\u00e9e\" class=\"yoast-seo-meta-tag\" \/>\n\t<meta name=\"twitter:data1\" content=\"2 minutes\" class=\"yoast-seo-meta-tag\" \/>\n<script type=\"application\/ld+json\" class=\"yoast-schema-graph\">{\"@context\":\"https:\\\/\\\/schema.org\",\"@graph\":[{\"@type\":\"WebPage\",\"@id\":\"http:\\\/\\\/32boulogne.fr\\\/?page_id=67\",\"url\":\"http:\\\/\\\/32boulogne.fr\\\/?page_id=67\",\"name\":\"Hospitality - 32 Boulogne\",\"isPartOf\":{\"@id\":\"http:\\\/\\\/32boulogne.fr\\\/#website\"},\"primaryImageOfPage\":{\"@id\":\"http:\\\/\\\/32boulogne.fr\\\/?page_id=67#primaryimage\"},\"image\":{\"@id\":\"http:\\\/\\\/32boulogne.fr\\\/?page_id=67#primaryimage\"},\"thumbnailUrl\":\"http:\\\/\\\/32boulogne.fr\\\/wp-content\\\/uploads\\\/2025\\\/05\\\/Mor.jpg\",\"datePublished\":\"2022-02-23T18:34:24+00:00\",\"dateModified\":\"2025-05-13T09:58:49+00:00\",\"description\":\"Mor Diagne et Pedro les Hospitalit\u00e9s du 32 Boulogne.\",\"breadcrumb\":{\"@id\":\"http:\\\/\\\/32boulogne.fr\\\/?page_id=67#breadcrumb\"},\"inLanguage\":\"fr-FR\",\"potentialAction\":[{\"@type\":\"ReadAction\",\"target\":[\"http:\\\/\\\/32boulogne.fr\\\/?page_id=67\"]}]},{\"@type\":\"ImageObject\",\"inLanguage\":\"fr-FR\",\"@id\":\"http:\\\/\\\/32boulogne.fr\\\/?page_id=67#primaryimage\",\"url\":\"https:\\\/\\\/32boulogne.fr\\\/wp-content\\\/uploads\\\/2025\\\/05\\\/Mor.jpg\",\"contentUrl\":\"https:\\\/\\\/32boulogne.fr\\\/wp-content\\\/uploads\\\/2025\\\/05\\\/Mor.jpg\",\"width\":798,\"height\":798},{\"@type\":\"BreadcrumbList\",\"@id\":\"http:\\\/\\\/32boulogne.fr\\\/?page_id=67#breadcrumb\",\"itemListElement\":[{\"@type\":\"ListItem\",\"position\":1,\"name\":\"Accueil\",\"item\":\"http:\\\/\\\/32boulogne.fr\\\/\"},{\"@type\":\"ListItem\",\"position\":2,\"name\":\"Hospitality\"}]},{\"@type\":\"WebSite\",\"@id\":\"http:\\\/\\\/32boulogne.fr\\\/#website\",\"url\":\"http:\\\/\\\/32boulogne.fr\\\/\",\"name\":\"32 Boulogne\",\"description\":\"Vos services Immeuble\",\"publisher\":{\"@id\":\"http:\\\/\\\/32boulogne.fr\\\/#organization\"},\"potentialAction\":[{\"@type\":\"SearchAction\",\"target\":{\"@type\":\"EntryPoint\",\"urlTemplate\":\"http:\\\/\\\/32boulogne.fr\\\/?s={search_term_string}\"},\"query-input\":{\"@type\":\"PropertyValueSpecification\",\"valueRequired\":true,\"valueName\":\"search_term_string\"}}],\"inLanguage\":\"fr-FR\"},{\"@type\":\"Organization\",\"@id\":\"http:\\\/\\\/32boulogne.fr\\\/#organization\",\"name\":\"32 Boulogne\",\"url\":\"http:\\\/\\\/32boulogne.fr\\\/\",\"logo\":{\"@type\":\"ImageObject\",\"inLanguage\":\"fr-FR\",\"@id\":\"http:\\\/\\\/32boulogne.fr\\\/#\\\/schema\\\/logo\\\/image\\\/\",\"url\":\"https:\\\/\\\/32boulogne.fr\\\/wp-content\\\/uploads\\\/2022\\\/02\\\/cropped-Logo-Grenier.jpg\",\"contentUrl\":\"https:\\\/\\\/32boulogne.fr\\\/wp-content\\\/uploads\\\/2022\\\/02\\\/cropped-Logo-Grenier.jpg\",\"width\":190,\"height\":190,\"caption\":\"32 Boulogne\"},\"image\":{\"@id\":\"http:\\\/\\\/32boulogne.fr\\\/#\\\/schema\\\/logo\\\/image\\\/\"}}]}<\/script>\n<!-- \/ Yoast SEO plugin. -->","yoast_head_json":{"title":"Hospitality - 32 Boulogne","description":"Mor Diagne et Pedro les Hospitalit\u00e9s du 32 Boulogne.","robots":{"index":"index","follow":"follow","max-snippet":"max-snippet:-1","max-image-preview":"max-image-preview:large","max-video-preview":"max-video-preview:-1"},"canonical":"http:\/\/32boulogne.fr\/?page_id=67","og_locale":"fr_FR","og_type":"article","og_title":"Hospitality - 32 Boulogne","og_description":"Mor Diagne et Pedro les Hospitalit\u00e9s du 32 Boulogne.","og_url":"http:\/\/32boulogne.fr\/?page_id=67","og_site_name":"32 Boulogne","article_modified_time":"2025-05-13T09:58:49+00:00","og_image":[{"url":"http:\/\/32boulogne.fr\/wp-content\/uploads\/2025\/05\/Mor.jpg","type":"","width":"","height":""}],"twitter_card":"summary_large_image","twitter_misc":{"Dur\u00e9e de lecture estim\u00e9e":"2 minutes"},"schema":{"@context":"https:\/\/schema.org","@graph":[{"@type":"WebPage","@id":"http:\/\/32boulogne.fr\/?page_id=67","url":"http:\/\/32boulogne.fr\/?page_id=67","name":"Hospitality - 32 Boulogne","isPartOf":{"@id":"http:\/\/32boulogne.fr\/#website"},"primaryImageOfPage":{"@id":"http:\/\/32boulogne.fr\/?page_id=67#primaryimage"},"image":{"@id":"http:\/\/32boulogne.fr\/?page_id=67#primaryimage"},"thumbnailUrl":"http:\/\/32boulogne.fr\/wp-content\/uploads\/2025\/05\/Mor.jpg","datePublished":"2022-02-23T18:34:24+00:00","dateModified":"2025-05-13T09:58:49+00:00","description":"Mor Diagne et Pedro les Hospitalit\u00e9s du 32 Boulogne.","breadcrumb":{"@id":"http:\/\/32boulogne.fr\/?page_id=67#breadcrumb"},"inLanguage":"fr-FR","potentialAction":[{"@type":"ReadAction","target":["http:\/\/32boulogne.fr\/?page_id=67"]}]},{"@type":"ImageObject","inLanguage":"fr-FR","@id":"http:\/\/32boulogne.fr\/?page_id=67#primaryimage","url":"https:\/\/32boulogne.fr\/wp-content\/uploads\/2025\/05\/Mor.jpg","contentUrl":"https:\/\/32boulogne.fr\/wp-content\/uploads\/2025\/05\/Mor.jpg","width":798,"height":798},{"@type":"BreadcrumbList","@id":"http:\/\/32boulogne.fr\/?page_id=67#breadcrumb","itemListElement":[{"@type":"ListItem","position":1,"name":"Accueil","item":"http:\/\/32boulogne.fr\/"},{"@type":"ListItem","position":2,"name":"Hospitality"}]},{"@type":"WebSite","@id":"http:\/\/32boulogne.fr\/#website","url":"http:\/\/32boulogne.fr\/","name":"32 Boulogne","description":"Vos services Immeuble","publisher":{"@id":"http:\/\/32boulogne.fr\/#organization"},"potentialAction":[{"@type":"SearchAction","target":{"@type":"EntryPoint","urlTemplate":"http:\/\/32boulogne.fr\/?s={search_term_string}"},"query-input":{"@type":"PropertyValueSpecification","valueRequired":true,"valueName":"search_term_string"}}],"inLanguage":"fr-FR"},{"@type":"Organization","@id":"http:\/\/32boulogne.fr\/#organization","name":"32 Boulogne","url":"http:\/\/32boulogne.fr\/","logo":{"@type":"ImageObject","inLanguage":"fr-FR","@id":"http:\/\/32boulogne.fr\/#\/schema\/logo\/image\/","url":"https:\/\/32boulogne.fr\/wp-content\/uploads\/2022\/02\/cropped-Logo-Grenier.jpg","contentUrl":"https:\/\/32boulogne.fr\/wp-content\/uploads\/2022\/02\/cropped-Logo-Grenier.jpg","width":190,"height":190,"caption":"32 Boulogne"},"image":{"@id":"http:\/\/32boulogne.fr\/#\/schema\/logo\/image\/"}}]}},"_links":{"self":[{"href":"https:\/\/32boulogne.fr\/index.php?rest_route=\/wp\/v2\/pages\/67","targetHints":{"allow":["GET"]}}],"collection":[{"href":"https:\/\/32boulogne.fr\/index.php?rest_route=\/wp\/v2\/pages"}],"about":[{"href":"https:\/\/32boulogne.fr\/index.php?rest_route=\/wp\/v2\/types\/page"}],"author":[{"embeddable":true,"href":"https:\/\/32boulogne.fr\/index.php?rest_route=\/wp\/v2\/users\/1"}],"replies":[{"embeddable":true,"href":"https:\/\/32boulogne.fr\/index.php?rest_route=%2Fwp%2Fv2%2Fcomments&post=67"}],"version-history":[{"count":165,"href":"https:\/\/32boulogne.fr\/index.php?rest_route=\/wp\/v2\/pages\/67\/revisions"}],"predecessor-version":[{"id":715,"href":"https:\/\/32boulogne.fr\/index.php?rest_route=\/wp\/v2\/pages\/67\/revisions\/715"}],"wp:attachment":[{"href":"https:\/\/32boulogne.fr\/index.php?rest_route=%2Fwp%2Fv2%2Fmedia&parent=67"}],"curies":[{"name":"wp","href":"https:\/\/api.w.org\/{rel}","templated":true}]}}