{"id":5,"date":"2022-02-23T15:29:26","date_gmt":"2022-02-23T14:29:26","guid":{"rendered":"http:\/\/32boulogne.fr\/?page_id=5"},"modified":"2025-05-13T12:19:38","modified_gmt":"2025-05-13T10:19:38","slug":"accueil-hospitality","status":"publish","type":"page","link":"https:\/\/32boulogne.fr\/","title":{"rendered":"Mor et Pedro, vos Hospitalities Officer, vous souhaitent la bienvenue au 32 Boulogne."},"content":{"rendered":"\t\t<div data-elementor-type=\"wp-page\" data-elementor-id=\"5\" class=\"elementor elementor-5\">\n\t\t\t\t\t\t<section class=\"elementor-section elementor-top-section elementor-element elementor-element-7e9aea0 elementor-section-full_width elementor-section-height-default elementor-section-height-default\" data-id=\"7e9aea0\" data-element_type=\"section\" data-e-type=\"section\">\n\t\t\t\t\t\t<div class=\"elementor-container elementor-column-gap-default\">\n\t\t\t\t\t<div class=\"elementor-column elementor-col-100 elementor-top-column elementor-element elementor-element-5e1cfa00\" data-id=\"5e1cfa00\" data-element_type=\"column\" data-e-type=\"column\">\n\t\t\t<div class=\"elementor-widget-wrap elementor-element-populated\">\n\t\t\t\t\t\t<div class=\"elementor-element elementor-element-13faea07 elementor-widget__width-auto e-transform elementor-widget elementor-widget-text-editor\" data-id=\"13faea07\" data-element_type=\"widget\" data-e-type=\"widget\" data-settings=\"{&quot;_transform_scale_effect&quot;:{&quot;unit&quot;:&quot;px&quot;,&quot;size&quot;:&quot;&quot;,&quot;sizes&quot;:[]},&quot;_transform_scale_effect_tablet&quot;:{&quot;unit&quot;:&quot;px&quot;,&quot;size&quot;:&quot;&quot;,&quot;sizes&quot;:[]},&quot;_transform_scale_effect_mobile&quot;:{&quot;unit&quot;:&quot;px&quot;,&quot;size&quot;:&quot;&quot;,&quot;sizes&quot;:[]}}\" data-widget_type=\"text-editor.default\">\n\t\t\t\t<div class=\"elementor-widget-container\">\n\t\t\t\t\t\t\t\t\t<p style=\"font-size: 24px;\">Un bouquet de services pour faire du 32 Boulogne une adresse unique.<\/p>\n<p><!-- \/wp:paragraph --><!-- wp:columns {\"verticalAlignment\":\"top\",\"align\":\"wide\"} --><\/p>\n<div class=\"wp-block-columns alignwide are-vertically-aligned-top\">\n<p><!-- wp:column {\"verticalAlignment\":\"top\"} --><\/p>\n<div class=\"wp-block-column is-vertically-aligned-top\">\n<p><!-- wp:heading {\"level\":3} --><\/p>\n<h4>La Conciergerie<\/h4>\n<p><!-- \/wp:heading --><!-- wp:paragraph --><\/p>\n<p>Votre immeuble vous donne acc\u00e8s<\/p>\n<p>\u00e0 des services de Conciergerie<\/p>\n<p>(Personal Shopper, Pressing, Cordonnerie,<\/p>\n<p>Panier de fruits, &#8230;).<\/p>\n<p><!-- \/wp:paragraph --><!-- wp:paragraph --><\/p>\n<p>Rendez-vous <a href=\"http:\/\/32boulogne.fr\/?page_id=68\">ici<\/a> pour acc\u00e9der aux services !<\/p>\n<p><!-- \/wp:paragraph --><!-- wp:image {\"align\":\"left\",\"id\":41,\"width\":\"155px\",\"height\":\"103px\",\"sizeSlug\":\"full\",\"linkDestination\":\"custom\",\"className\":\"is-style-rounded\"} --><\/p>\n<figure class=\"wp-block-image alignleft size-full is-resized is-style-rounded\"><\/figure>\n<p><!-- \/wp:image --><\/p>\n<\/div>\n<p><!-- \/wp:column --><!-- wp:column {\"verticalAlignment\":\"top\"} --><\/p>\n<div class=\"wp-block-column is-vertically-aligned-top\">\n<p><!-- wp:heading {\"level\":3} --><\/p>\n<h4>Le Meeting Center<\/h4>\n<p><!-- \/wp:heading --><!-- wp:paragraph --><\/p>\n<p>Trois salles de r\u00e9union vous attendent<\/p>\n<p>au rez-de-chauss\u00e9e de votre immeuble.<\/p>\n<p><!-- \/wp:paragraph --><!-- wp:paragraph --><\/p>\n<p>Modulables, elles sont \u00e9quip\u00e9es d&rsquo;un \u00e9cran<\/p>\n<p>et d&rsquo;un paper board.<\/p>\n<p><!-- \/wp:paragraph --><!-- wp:paragraph --><\/p>\n<p>R\u00e9servez votre salle : <a href=\"http:\/\/32boulogne.fr\/?page_id=69\">ici<\/a>.<\/p>\n<p><!-- \/wp:paragraph --><!-- wp:image {\"align\":\"left\",\"id\":44,\"width\":\"159px\",\"height\":\"106px\",\"sizeSlug\":\"large\",\"linkDestination\":\"custom\",\"className\":\"is-style-rounded\"} --><\/p>\n<figure class=\"wp-block-image alignleft size-large is-resized is-style-rounded\"><\/figure>\n<p><!-- \/wp:image --><\/p>\n<\/div>\n<p><!-- \/wp:column --><!-- wp:column {\"verticalAlignment\":\"top\"} --><\/p>\n<div class=\"wp-block-column is-vertically-aligned-top\">\n<p><!-- wp:heading {\"level\":3} --><\/p>\n<h4>Les Animations<\/h4>\n<p><!-- \/wp:heading --><!-- wp:group --><\/p>\n<div class=\"wp-block-group\">\n<p><!-- wp:paragraph --><\/p>\n<p>Le 32 Boulogne, c&rsquo;est aussi une communaut\u00e9 et<\/p>\n<p>des espaces partag\u00e9s o\u00f9 il fait bon vivre !<\/p>\n<p>Vos Hospitality vous proposent des activit\u00e9s culturelles et wellness.<\/p>\n<p><!-- \/wp:paragraph --><!-- wp:paragraph --><\/p>\n<p>D\u00e9couvrez le <a href=\"http:\/\/32boulogne.fr\/?page_id=70\">programme<\/a> !<\/p>\n<p><!-- \/wp:paragraph --><!-- wp:image {\"align\":\"left\",\"id\":45,\"width\":\"147px\",\"height\":\"110px\",\"sizeSlug\":\"large\",\"linkDestination\":\"custom\",\"className\":\"is-style-rounded\"} --><\/p>\n<figure class=\"wp-block-image alignleft size-large is-resized is-style-rounded\"><\/figure>\n<p><!-- \/wp:image --><\/p>\n<\/div>\n<p><!-- \/wp:group --><\/p>\n<\/div>\n<p><!-- \/wp:column --><\/p>\n<\/div>\n<p><!-- \/wp:columns --><!-- wp:separator {\"opacity\":\"css\"} --><\/p>\n<hr class=\"wp-block-separator has-css-opacity\" \/>\n<p><!-- \/wp:separator --><!-- wp:paragraph {\"fontSize\":\"large\"} --><\/p>\n<p class=\"has-large-font-size\"><strong>Vos Actualit\u00e9s !<\/strong><\/p>\n<p><!-- \/wp:paragraph --><!-- wp:paragraph --><\/p>\n<p>Pour ne rien manquer des actualit\u00e9s de votre immeuble, inscrivez-vous \u00e0 la Newsletter 32 Boulogne.<\/p>\n<p><!-- \/wp:paragraph --><!-- wp:forminator\/forms {\"module_id\":\"89\"} --><\/p>\n<div class=\"forminator-guttenberg\"><div class=\"forminator-ui forminator-custom-form forminator-custom-form-89 forminator-design--default  forminator_ajax\" data-forminator-render=\"0\" data-form=\"forminator-module-89\" data-uid=\"69ea0eed0f4e8\"><br\/><\/div><form\n\t\t\t\tid=\"forminator-module-89\"\n\t\t\t\tclass=\"forminator-ui forminator-custom-form forminator-custom-form-89 forminator-design--default  forminator_ajax\"\n\t\t\t\tmethod=\"post\"\n\t\t\t\tdata-forminator-render=\"0\"\n\t\t\t\tdata-form-id=\"89\"\n\t\t\t\t data-color-option=\"default\" data-design=\"default\" data-grid=\"open\" style=\"display: none;\"\n\t\t\t\tdata-uid=\"69ea0eed0f4e8\"\n\t\t\t><div role=\"alert\" aria-live=\"polite\" class=\"forminator-response-message forminator-error\" aria-hidden=\"true\"><\/div><div class=\"forminator-row\"><div id=\"name-1\" class=\"forminator-field-name forminator-col forminator-col-6 \"><div class=\"forminator-field\"><label for=\"forminator-field-name-1_69ea0eed0f4e8\" id=\"forminator-field-name-1_69ea0eed0f4e8-label\" class=\"forminator-label\">Pr\u00e9nom <span class=\"forminator-required\">*<\/span><\/label><input type=\"text\" name=\"name-1\" value=\"\" placeholder=\"Par exemple\u00a0: Jean\" id=\"forminator-field-name-1_69ea0eed0f4e8\" class=\"forminator-input forminator-name--field\" aria-required=\"true\" autocomplete=\"name\" \/><\/div><\/div><div id=\"name-2\" class=\"forminator-field-name forminator-col forminator-col-6 \"><div class=\"forminator-field\"><label for=\"forminator-field-name-2_69ea0eed0f4e8\" id=\"forminator-field-name-2_69ea0eed0f4e8-label\" class=\"forminator-label\">Entreprise<\/label><input type=\"text\" name=\"name-2\" value=\"\" placeholder=\"Soci\u00e9t\u00e9\" id=\"forminator-field-name-2_69ea0eed0f4e8\" class=\"forminator-input forminator-name--field\" aria-required=\"false\" autocomplete=\"name\" \/><\/div><\/div><\/div><div class=\"forminator-row\"><div id=\"email-1\" class=\"forminator-field-email forminator-col forminator-col-12 \"><div class=\"forminator-field\"><label for=\"forminator-field-email-1_69ea0eed0f4e8\" id=\"forminator-field-email-1_69ea0eed0f4e8-label\" class=\"forminator-label\">Adresse de messagerie <span class=\"forminator-required\">*<\/span><\/label><input type=\"email\" name=\"email-1\" value=\"\" placeholder=\"Par exemple\u00a0: jacques@martin.com\" id=\"forminator-field-email-1_69ea0eed0f4e8\" class=\"forminator-input forminator-email--field\" data-required=\"true\" aria-required=\"true\" autocomplete=\"email\" \/><\/div><\/div><\/div><input type=\"hidden\" name=\"referer_url\" value=\"\" \/><div class=\"forminator-row forminator-row-last\"><div class=\"forminator-col\"><div class=\"forminator-field\"><button class=\"forminator-button forminator-button-submit\">S&rsquo;abonner<\/button><\/div><\/div><\/div><input type=\"hidden\" id=\"forminator_nonce\" name=\"forminator_nonce\" value=\"cf7814c168\" \/><input type=\"hidden\" name=\"_wp_http_referer\" value=\"\/index.php?rest_route=%2Fwp%2Fv2%2Fpages%2F5\" \/><input type=\"hidden\" name=\"form_id\" value=\"89\"><input type=\"hidden\" name=\"page_id\" value=\"5\"><input type=\"hidden\" name=\"form_type\" value=\"default\"><input type=\"hidden\" name=\"current_url\" value=\"https:\/\/32boulogne.fr\/\"><input type=\"hidden\" name=\"render_id\" value=\"0\"><input type=\"hidden\" name=\"action\" value=\"forminator_submit_form_custom-forms\"><\/form><\/div>\n<p><!-- \/wp:forminator\/forms --><!-- wp:spacer {\"height\":\"20px\"} --><\/p>\n<div class=\"wp-block-spacer\" style=\"height: 20px;\" aria-hidden=\"true\">\u00a0<\/div>\n<p><!-- \/wp:spacer --><!-- wp:separator {\"opacity\":\"css\"} --><\/p>\n<div class=\"wp-block-spacer\" style=\"height: 50px;\" aria-hidden=\"true\">\u00a0<\/div>\n<p><!-- \/wp:separator --><!-- wp:paragraph {\"fontSize\":\"large\"} --><\/p>\n<p class=\"has-large-font-size\"><strong>Contactez-nous<\/strong><\/p>\n<p><!-- \/wp:paragraph --><!-- wp:columns --><\/p>\n<div class=\"wp-block-columns\">\n<p><!-- wp:column --><\/p>\n<div class=\"wp-block-column\">\n<p><!-- wp:paragraph --><\/p>\n<p>32 rue Pierre Grenier<br \/>92100 Boulogne Billancourt<\/p>\n<p><!-- \/wp:paragraph --><\/p>\n<\/div>\n<p><!-- \/wp:column --><!-- wp:column --><\/p>\n<div class=\"wp-block-column\">\n<p><!-- wp:paragraph --><\/p>\n<p>(+33) 01 40 91 53 57<br \/><a href=\"mailto:example@example.com\">reception@32boulogne.fr<\/a><\/p>\n<p><!-- \/wp:paragraph --><\/p>\n<\/div>\n<p><!-- \/wp:column --><\/p>\n<\/div>\n<p><!-- \/wp:columns --><!-- wp:buttons --><\/p>\n<div class=\"wp-block-buttons\">\n<p><!-- wp:button {\"style\":{\"color\":{\"background\":\"#d3ba15\"}}} --><\/p>\n<div class=\"wp-block-button\"><a class=\"wp-block-button__link has-background wp-element-button\" style=\"background-color: #d3ba15;\" href=\"reception@32boulogne.fr\" target=\"_blank\" rel=\"noreferrer noopener\">Contactez-nous<\/a><\/div>\n<p><!-- \/wp:button --><\/p>\n<\/div>\n<p><!-- \/wp:buttons --><\/p>\t\t\t\t\t\t\t\t<\/div>\n\t\t\t\t<\/div>\n\t\t\t\t\t<\/div>\n\t\t<\/div>\n\t\t\t\t\t<\/div>\n\t\t<\/section>\n\t\t\t\t<\/div>\n\t\t","protected":false},"excerpt":{"rendered":"<p>Un bouquet de services pour faire du 32 Boulogne une adresse unique. La Conciergerie Votre immeuble vous donne acc\u00e8s \u00e0 des services de Conciergerie (Personal Shopper, Pressing, Cordonnerie, Panier de fruits, &#8230;). Rendez-vous ici pour acc\u00e9der aux services ! Le Meeting Center Trois salles de r\u00e9union vous attendent au rez-de-chauss\u00e9e de votre immeuble. Modulables, elles &hellip; <\/p>\n<p class=\"link-more\"><a href=\"https:\/\/32boulogne.fr\/\" class=\"more-link\">Continuer la lecture <span class=\"screen-reader-text\"> \u00ab\u00a0Mor et Pedro, vos Hospitalities Officer, vous souhaitent la bienvenue au 32 Boulogne.\u00a0\u00bb<\/span><\/a><\/p>\n","protected":false},"author":1,"featured_media":552,"parent":0,"menu_order":0,"comment_status":"closed","ping_status":"closed","template":"elementor_header_footer","meta":{"footnotes":""},"class_list":["post-5","page","type-page","status-publish","has-post-thumbnail","hentry","entry"],"yoast_head":"<!-- This site is optimized with the Yoast SEO plugin v27.4 - https:\/\/yoast.com\/product\/yoast-seo-wordpress\/ -->\n<title>Mor et Pedro, vos Hospitalities Officer, vous souhaitent la bienvenue au 32 Boulogne. - 32 Boulogne<\/title>\n<meta name=\"description\" content=\"Mor et Pedro , vos Hospitalities, sont \u00e0 votre \u00e9coute. Ils pilotent l&#039;offre servicielle du 32 Boulogne, du lundi au vendredi.\" class=\"yoast-seo-meta-tag\" \/>\n<meta name=\"robots\" content=\"index, follow, max-snippet:-1, max-image-preview:large, max-video-preview:-1\" \/>\n<link rel=\"canonical\" href=\"http:\/\/32boulogne.fr\/\" class=\"yoast-seo-meta-tag\" \/>\n<meta property=\"og:locale\" content=\"fr_FR\" class=\"yoast-seo-meta-tag\" \/>\n<meta property=\"og:type\" content=\"article\" class=\"yoast-seo-meta-tag\" \/>\n<meta property=\"og:title\" content=\"Mor et Pedro, vos Hospitalities Officer, vous souhaitent la bienvenue au 32 Boulogne. - 32 Boulogne\" class=\"yoast-seo-meta-tag\" \/>\n<meta property=\"og:description\" content=\"Mor et Pedro , vos Hospitalities, sont \u00e0 votre \u00e9coute. Ils pilotent l&#039;offre servicielle du 32 Boulogne, du lundi au vendredi.\" class=\"yoast-seo-meta-tag\" \/>\n<meta property=\"og:url\" content=\"http:\/\/32boulogne.fr\/\" class=\"yoast-seo-meta-tag\" \/>\n<meta property=\"og:site_name\" content=\"32 Boulogne\" class=\"yoast-seo-meta-tag\" \/>\n<meta property=\"article:modified_time\" content=\"2025-05-13T10:19:38+00:00\" class=\"yoast-seo-meta-tag\" \/>\n<meta property=\"og:image\" content=\"http:\/\/32boulogne.fr\/wp-content\/uploads\/2025\/04\/IMG_4994-scaled.jpg\" class=\"yoast-seo-meta-tag\" \/>\n\t<meta property=\"og:image:width\" content=\"2560\" class=\"yoast-seo-meta-tag\" \/>\n\t<meta property=\"og:image:height\" content=\"1920\" class=\"yoast-seo-meta-tag\" \/>\n\t<meta property=\"og:image:type\" content=\"image\/jpeg\" class=\"yoast-seo-meta-tag\" \/>\n<meta name=\"twitter:card\" content=\"summary_large_image\" class=\"yoast-seo-meta-tag\" \/>\n<meta name=\"twitter:label1\" content=\"Dur\u00e9e de lecture estim\u00e9e\" class=\"yoast-seo-meta-tag\" \/>\n\t<meta name=\"twitter:data1\" content=\"1 minute\" class=\"yoast-seo-meta-tag\" \/>\n<script type=\"application\/ld+json\" class=\"yoast-schema-graph\">{\"@context\":\"https:\\\/\\\/schema.org\",\"@graph\":[{\"@type\":\"WebPage\",\"@id\":\"http:\\\/\\\/32boulogne.fr\\\/\",\"url\":\"http:\\\/\\\/32boulogne.fr\\\/\",\"name\":\"Mor et Pedro, vos Hospitalities Officer, vous souhaitent la bienvenue au 32 Boulogne. - 32 Boulogne\",\"isPartOf\":{\"@id\":\"http:\\\/\\\/32boulogne.fr\\\/#website\"},\"primaryImageOfPage\":{\"@id\":\"http:\\\/\\\/32boulogne.fr\\\/#primaryimage\"},\"image\":{\"@id\":\"http:\\\/\\\/32boulogne.fr\\\/#primaryimage\"},\"thumbnailUrl\":\"https:\\\/\\\/32boulogne.fr\\\/wp-content\\\/uploads\\\/2025\\\/04\\\/IMG_4994-scaled.jpg\",\"datePublished\":\"2022-02-23T14:29:26+00:00\",\"dateModified\":\"2025-05-13T10:19:38+00:00\",\"description\":\"Mor et Pedro , vos Hospitalities, sont \u00e0 votre \u00e9coute. Ils pilotent l'offre servicielle du 32 Boulogne, du lundi au vendredi.\",\"breadcrumb\":{\"@id\":\"http:\\\/\\\/32boulogne.fr\\\/#breadcrumb\"},\"inLanguage\":\"fr-FR\",\"potentialAction\":[{\"@type\":\"ReadAction\",\"target\":[\"http:\\\/\\\/32boulogne.fr\\\/\"]}]},{\"@type\":\"ImageObject\",\"inLanguage\":\"fr-FR\",\"@id\":\"http:\\\/\\\/32boulogne.fr\\\/#primaryimage\",\"url\":\"https:\\\/\\\/32boulogne.fr\\\/wp-content\\\/uploads\\\/2025\\\/04\\\/IMG_4994-scaled.jpg\",\"contentUrl\":\"https:\\\/\\\/32boulogne.fr\\\/wp-content\\\/uploads\\\/2025\\\/04\\\/IMG_4994-scaled.jpg\",\"width\":2560,\"height\":1920},{\"@type\":\"BreadcrumbList\",\"@id\":\"http:\\\/\\\/32boulogne.fr\\\/#breadcrumb\",\"itemListElement\":[{\"@type\":\"ListItem\",\"position\":1,\"name\":\"Accueil\",\"item\":\"http:\\\/\\\/32boulogne.fr\\\/\"},{\"@type\":\"ListItem\",\"position\":2,\"name\":\"Mor et Pedro, vos Hospitalities Officer, vous souhaitent la bienvenue au 32 Boulogne.\"}]},{\"@type\":\"WebSite\",\"@id\":\"http:\\\/\\\/32boulogne.fr\\\/#website\",\"url\":\"http:\\\/\\\/32boulogne.fr\\\/\",\"name\":\"32 Boulogne\",\"description\":\"Vos services Immeuble\",\"publisher\":{\"@id\":\"http:\\\/\\\/32boulogne.fr\\\/#organization\"},\"potentialAction\":[{\"@type\":\"SearchAction\",\"target\":{\"@type\":\"EntryPoint\",\"urlTemplate\":\"http:\\\/\\\/32boulogne.fr\\\/?s={search_term_string}\"},\"query-input\":{\"@type\":\"PropertyValueSpecification\",\"valueRequired\":true,\"valueName\":\"search_term_string\"}}],\"inLanguage\":\"fr-FR\"},{\"@type\":\"Organization\",\"@id\":\"http:\\\/\\\/32boulogne.fr\\\/#organization\",\"name\":\"32 Boulogne\",\"url\":\"http:\\\/\\\/32boulogne.fr\\\/\",\"logo\":{\"@type\":\"ImageObject\",\"inLanguage\":\"fr-FR\",\"@id\":\"http:\\\/\\\/32boulogne.fr\\\/#\\\/schema\\\/logo\\\/image\\\/\",\"url\":\"https:\\\/\\\/32boulogne.fr\\\/wp-content\\\/uploads\\\/2022\\\/02\\\/cropped-Logo-Grenier.jpg\",\"contentUrl\":\"https:\\\/\\\/32boulogne.fr\\\/wp-content\\\/uploads\\\/2022\\\/02\\\/cropped-Logo-Grenier.jpg\",\"width\":190,\"height\":190,\"caption\":\"32 Boulogne\"},\"image\":{\"@id\":\"http:\\\/\\\/32boulogne.fr\\\/#\\\/schema\\\/logo\\\/image\\\/\"}}]}<\/script>\n<!-- \/ Yoast SEO plugin. -->","yoast_head_json":{"title":"Mor et Pedro, vos Hospitalities Officer, vous souhaitent la bienvenue au 32 Boulogne. - 32 Boulogne","description":"Mor et Pedro , vos Hospitalities, sont \u00e0 votre \u00e9coute. Ils pilotent l'offre servicielle du 32 Boulogne, du lundi au vendredi.","robots":{"index":"index","follow":"follow","max-snippet":"max-snippet:-1","max-image-preview":"max-image-preview:large","max-video-preview":"max-video-preview:-1"},"canonical":"http:\/\/32boulogne.fr\/","og_locale":"fr_FR","og_type":"article","og_title":"Mor et Pedro, vos Hospitalities Officer, vous souhaitent la bienvenue au 32 Boulogne. - 32 Boulogne","og_description":"Mor et Pedro , vos Hospitalities, sont \u00e0 votre \u00e9coute. Ils pilotent l'offre servicielle du 32 Boulogne, du lundi au vendredi.","og_url":"http:\/\/32boulogne.fr\/","og_site_name":"32 Boulogne","article_modified_time":"2025-05-13T10:19:38+00:00","og_image":[{"width":2560,"height":1920,"url":"http:\/\/32boulogne.fr\/wp-content\/uploads\/2025\/04\/IMG_4994-scaled.jpg","type":"image\/jpeg"}],"twitter_card":"summary_large_image","twitter_misc":{"Dur\u00e9e de lecture estim\u00e9e":"1 minute"},"schema":{"@context":"https:\/\/schema.org","@graph":[{"@type":"WebPage","@id":"http:\/\/32boulogne.fr\/","url":"http:\/\/32boulogne.fr\/","name":"Mor et Pedro, vos Hospitalities Officer, vous souhaitent la bienvenue au 32 Boulogne. - 32 Boulogne","isPartOf":{"@id":"http:\/\/32boulogne.fr\/#website"},"primaryImageOfPage":{"@id":"http:\/\/32boulogne.fr\/#primaryimage"},"image":{"@id":"http:\/\/32boulogne.fr\/#primaryimage"},"thumbnailUrl":"https:\/\/32boulogne.fr\/wp-content\/uploads\/2025\/04\/IMG_4994-scaled.jpg","datePublished":"2022-02-23T14:29:26+00:00","dateModified":"2025-05-13T10:19:38+00:00","description":"Mor et Pedro , vos Hospitalities, sont \u00e0 votre \u00e9coute. Ils pilotent l'offre servicielle du 32 Boulogne, du lundi au vendredi.","breadcrumb":{"@id":"http:\/\/32boulogne.fr\/#breadcrumb"},"inLanguage":"fr-FR","potentialAction":[{"@type":"ReadAction","target":["http:\/\/32boulogne.fr\/"]}]},{"@type":"ImageObject","inLanguage":"fr-FR","@id":"http:\/\/32boulogne.fr\/#primaryimage","url":"https:\/\/32boulogne.fr\/wp-content\/uploads\/2025\/04\/IMG_4994-scaled.jpg","contentUrl":"https:\/\/32boulogne.fr\/wp-content\/uploads\/2025\/04\/IMG_4994-scaled.jpg","width":2560,"height":1920},{"@type":"BreadcrumbList","@id":"http:\/\/32boulogne.fr\/#breadcrumb","itemListElement":[{"@type":"ListItem","position":1,"name":"Accueil","item":"http:\/\/32boulogne.fr\/"},{"@type":"ListItem","position":2,"name":"Mor et Pedro, vos Hospitalities Officer, vous souhaitent la bienvenue au 32 Boulogne."}]},{"@type":"WebSite","@id":"http:\/\/32boulogne.fr\/#website","url":"http:\/\/32boulogne.fr\/","name":"32 Boulogne","description":"Vos services Immeuble","publisher":{"@id":"http:\/\/32boulogne.fr\/#organization"},"potentialAction":[{"@type":"SearchAction","target":{"@type":"EntryPoint","urlTemplate":"http:\/\/32boulogne.fr\/?s={search_term_string}"},"query-input":{"@type":"PropertyValueSpecification","valueRequired":true,"valueName":"search_term_string"}}],"inLanguage":"fr-FR"},{"@type":"Organization","@id":"http:\/\/32boulogne.fr\/#organization","name":"32 Boulogne","url":"http:\/\/32boulogne.fr\/","logo":{"@type":"ImageObject","inLanguage":"fr-FR","@id":"http:\/\/32boulogne.fr\/#\/schema\/logo\/image\/","url":"https:\/\/32boulogne.fr\/wp-content\/uploads\/2022\/02\/cropped-Logo-Grenier.jpg","contentUrl":"https:\/\/32boulogne.fr\/wp-content\/uploads\/2022\/02\/cropped-Logo-Grenier.jpg","width":190,"height":190,"caption":"32 Boulogne"},"image":{"@id":"http:\/\/32boulogne.fr\/#\/schema\/logo\/image\/"}}]}},"_links":{"self":[{"href":"https:\/\/32boulogne.fr\/index.php?rest_route=\/wp\/v2\/pages\/5","targetHints":{"allow":["GET"]}}],"collection":[{"href":"https:\/\/32boulogne.fr\/index.php?rest_route=\/wp\/v2\/pages"}],"about":[{"href":"https:\/\/32boulogne.fr\/index.php?rest_route=\/wp\/v2\/types\/page"}],"author":[{"embeddable":true,"href":"https:\/\/32boulogne.fr\/index.php?rest_route=\/wp\/v2\/users\/1"}],"replies":[{"embeddable":true,"href":"https:\/\/32boulogne.fr\/index.php?rest_route=%2Fwp%2Fv2%2Fcomments&post=5"}],"version-history":[{"count":84,"href":"https:\/\/32boulogne.fr\/index.php?rest_route=\/wp\/v2\/pages\/5\/revisions"}],"predecessor-version":[{"id":735,"href":"https:\/\/32boulogne.fr\/index.php?rest_route=\/wp\/v2\/pages\/5\/revisions\/735"}],"wp:featuredmedia":[{"embeddable":true,"href":"https:\/\/32boulogne.fr\/index.php?rest_route=\/wp\/v2\/media\/552"}],"wp:attachment":[{"href":"https:\/\/32boulogne.fr\/index.php?rest_route=%2Fwp%2Fv2%2Fmedia&parent=5"}],"curies":[{"name":"wp","href":"https:\/\/api.w.org\/{rel}","templated":true}]}}